{"id":70,"date":"2023-06-12T10:33:14","date_gmt":"2023-06-12T13:33:14","guid":{"rendered":"https:\/\/sight-treinamentos.com.br\/?page_id=70"},"modified":"2023-06-12T10:51:40","modified_gmt":"2023-06-12T13:51:40","slug":"palestras","status":"publish","type":"page","link":"https:\/\/sight-treinamentos.com.br\/?page_id=70","title":{"rendered":"Palestras"},"content":{"rendered":"\n<p><strong>Ataques a Institui\u00e7\u00f5es de Ensino \u2013 Preven\u00e7\u00e3o e Defesa<\/strong><\/p>\n\n\n\n<figure class=\"wp-block-image aligncenter size-full\"><img decoding=\"async\" width=\"154\" height=\"154\" src=\"https:\/\/sight-treinamentos.com.br\/wp-content\/uploads\/2023\/06\/def-escola-3.png\" alt=\"\" class=\"wp-image-71\" srcset=\"https:\/\/sight-treinamentos.com.br\/wp-content\/uploads\/2023\/06\/def-escola-3.png 154w, https:\/\/sight-treinamentos.com.br\/wp-content\/uploads\/2023\/06\/def-escola-3-150x150.png 150w\" sizes=\"(max-width: 154px) 100vw, 154px\" \/><\/figure>\n\n\n\n<p>Exploramos o panorama de \u201cSchool Shooting\u201d, abordando hist\u00f3rico, prepara\u00e7\u00e3o e defesa. Tamb\u00e9m discutimos ciberseguran\u00e7a em ataques escolares, incluindo diferen\u00e7as entre deep e dark web, al\u00e9m de defesa pessoal, t\u00e9cnicas de fuga e uso de objetos como armas improvisadas.<\/p>\n\n\n\n<p><a href=\"https:\/\/sight-treinamentos.com.br\/?page_id=16\"><strong>Detalhes<\/strong><\/a><\/p>\n\n\n\n<p><strong>Controle parental online: por que e como fazer?<\/strong><\/p>\n\n\n\n<figure class=\"wp-block-image aligncenter size-full\"><img decoding=\"async\" width=\"150\" height=\"150\" src=\"https:\/\/sight-treinamentos.com.br\/wp-content\/uploads\/2023\/06\/controle_parental-novo-removebg-3.png\" alt=\"\" class=\"wp-image-72\"\/><\/figure>\n\n\n\n<p>Exploramos o tema do controle parental online, com foco na seguran\u00e7a digital de crian\u00e7as e adolescentes. Abordamos estrat\u00e9gias para o controle de conte\u00fado, monitoramento de atividades online, educa\u00e7\u00e3o sobre amea\u00e7as virtuais, identifica\u00e7\u00e3o de comportamentos de risco e o estabelecimento de uma comunica\u00e7\u00e3o saud\u00e1vel em fam\u00edlia.<\/p>\n\n\n\n<p><a href=\"https:\/\/sight-treinamentos.com.br\/?page_id=18\"><strong>Detalhes<\/strong><\/a><\/p>\n\n\n\n<p><strong>Defesa Pessoal<\/strong><\/p>\n\n\n\n<figure class=\"wp-block-image aligncenter size-full is-resized\"><img decoding=\"async\" src=\"https:\/\/sight-treinamentos.com.br\/wp-content\/uploads\/2023\/06\/image.png\" alt=\"\" class=\"wp-image-74\" width=\"124\" height=\"124\" srcset=\"https:\/\/sight-treinamentos.com.br\/wp-content\/uploads\/2023\/06\/image.png 300w, https:\/\/sight-treinamentos.com.br\/wp-content\/uploads\/2023\/06\/image-150x150.png 150w\" sizes=\"(max-width: 124px) 100vw, 124px\" \/><\/figure>\n\n\n\n<p>Mais que uma palestra: apresentamos um curso aprofundado de defesa pessoal, focado no desenvolvimento de t\u00e9cnicas b\u00e1sicas e mentalidade de combate para situa\u00e7\u00f5es de emerg\u00eancia. Abordamos estrat\u00e9gias para fortalecer a capacidade de improvisa\u00e7\u00e3o e tomada de decis\u00f5es r\u00e1pidas, visando \u00e0 seguran\u00e7a pessoal.<\/p>\n\n\n\n<p><a href=\"https:\/\/sight-treinamentos.com.br\/?page_id=20\"><strong>Detalhes<\/strong><\/a><\/p>\n\n\n\n<p><strong><a href=\"https:\/\/sight-treinamentos.com.br\/\" title=\"\">Voltar ao in\u00edcio.<\/a><\/strong><\/p>\n","protected":false},"excerpt":{"rendered":"<p>Ataques a Institui\u00e7\u00f5es de Ensino \u2013 Preven\u00e7\u00e3o e Defesa Exploramos o panorama de \u201cSchool Shooting\u201d, abordando hist\u00f3rico, prepara\u00e7\u00e3o e defesa. Tamb\u00e9m discutimos ciberseguran\u00e7a em ataques escolares, incluindo diferen\u00e7as entre deep e dark web, al\u00e9m de defesa pessoal, t\u00e9cnicas de fuga e uso de objetos como armas improvisadas. Detalhes Controle parental online: por que e como [&hellip;]<\/p>\n","protected":false},"author":1,"featured_media":0,"parent":0,"menu_order":0,"comment_status":"closed","ping_status":"closed","template":"","meta":{"footnotes":""},"class_list":["post-70","page","type-page","status-publish","hentry"],"aioseo_notices":[],"_links":{"self":[{"href":"https:\/\/sight-treinamentos.com.br\/index.php?rest_route=\/wp\/v2\/pages\/70","targetHints":{"allow":["GET"]}}],"collection":[{"href":"https:\/\/sight-treinamentos.com.br\/index.php?rest_route=\/wp\/v2\/pages"}],"about":[{"href":"https:\/\/sight-treinamentos.com.br\/index.php?rest_route=\/wp\/v2\/types\/page"}],"author":[{"embeddable":true,"href":"https:\/\/sight-treinamentos.com.br\/index.php?rest_route=\/wp\/v2\/users\/1"}],"replies":[{"embeddable":true,"href":"https:\/\/sight-treinamentos.com.br\/index.php?rest_route=%2Fwp%2Fv2%2Fcomments&post=70"}],"version-history":[{"count":2,"href":"https:\/\/sight-treinamentos.com.br\/index.php?rest_route=\/wp\/v2\/pages\/70\/revisions"}],"predecessor-version":[{"id":88,"href":"https:\/\/sight-treinamentos.com.br\/index.php?rest_route=\/wp\/v2\/pages\/70\/revisions\/88"}],"wp:attachment":[{"href":"https:\/\/sight-treinamentos.com.br\/index.php?rest_route=%2Fwp%2Fv2%2Fmedia&parent=70"}],"curies":[{"name":"wp","href":"https:\/\/api.w.org\/{rel}","templated":true}]}}