{"id":12,"date":"2023-06-10T11:33:11","date_gmt":"2023-06-10T14:33:11","guid":{"rendered":"https:\/\/sight-treinamentos.com.br\/?page_id=12"},"modified":"2023-06-12T10:48:06","modified_gmt":"2023-06-12T13:48:06","slug":"descricao-da-empresa","status":"publish","type":"page","link":"https:\/\/sight-treinamentos.com.br\/?page_id=12","title":{"rendered":"Descri\u00e7\u00e3o da Empresa"},"content":{"rendered":"\n<p>Somos uma empresa especializada em capacita\u00e7\u00e3o em seguran\u00e7a escolar, focada em institui\u00e7\u00f5es particulares de ensino, incluindo faculdades e universidades. Nossa palestra principal, &#8216;Treinamento Ativo de Preven\u00e7\u00e3o de Ataques a Institui\u00e7\u00f5es de Ensino&#8217;, visa conscientizar sobre a import\u00e2ncia da preven\u00e7\u00e3o e defesa em ataques escolares.<\/p>\n\n\n\n<p>Nossa abordagem inclui tr\u00eas \u00e1reas-chave: hist\u00f3rico, estrat\u00e9gias de preven\u00e7\u00e3o e defesa em &#8216;School Shooting&#8217;, abordando a identifica\u00e7\u00e3o de riscos ambientais e conceitos de intelig\u00eancia aplicada a seguran\u00e7a escolar; ciberseguran\u00e7a aplicada a ataques a institui\u00e7\u00f5es de ensino, a rela\u00e7\u00e3o desse tema com a deep web e dark web, al\u00e9m de abordar a identifica\u00e7\u00e3o de perfis suspeitos, t\u00e9cnicas de buscas e monitoramento de discursos de \u00f3dio online; por fim, fundamentos de defesa pessoal, incluindo consci\u00eancia situacional, t\u00e9cnicas de fuga e defesa, bem como o uso de objetos como armas improvisadas.<\/p>\n\n\n\n<p>Nossa equipe de palestrantes \u00e9 composta por profissionais altamente qualificados, todos com mais de 15 anos de experi\u00eancia na seguran\u00e7a p\u00fablica, atuantes na \u00e1rea de intelig\u00eancia de seguran\u00e7a p\u00fablica, treinamento de defesa pessoal para policiais e investiga\u00e7\u00e3o criminal de ataques e amea\u00e7as de ataques em escola.<\/p>\n\n\n\n<p>Nossa palestra visa capacitar os participantes com conhecimentos essenciais para prevenir ataques e criar um ambiente escolar e acad\u00eamico seguro. Acreditamos que a conscientiza\u00e7\u00e3o sobre essas \u00e1reas abrangidas pela capacita\u00e7\u00e3o oferecida \u00e9 fundamental para proteger a comunidade escolar e acad\u00eamica. Junte-se a n\u00f3s para fortalecer a seguran\u00e7a em sua institui\u00e7\u00e3o de ensino.<\/p>\n\n\n\n<p><strong><a href=\"https:\/\/sight-treinamentos.com.br\/\" title=\"\">Voltar ao in\u00edcio.<\/a><\/strong><\/p>\n","protected":false},"excerpt":{"rendered":"<p>Somos uma empresa especializada em capacita\u00e7\u00e3o em seguran\u00e7a escolar, focada em institui\u00e7\u00f5es particulares de ensino, incluindo faculdades e universidades. Nossa palestra principal, &#8216;Treinamento Ativo de Preven\u00e7\u00e3o de Ataques a Institui\u00e7\u00f5es de Ensino&#8217;, visa conscientizar sobre a import\u00e2ncia da preven\u00e7\u00e3o e defesa em ataques escolares. Nossa abordagem inclui tr\u00eas \u00e1reas-chave: hist\u00f3rico, estrat\u00e9gias de preven\u00e7\u00e3o e defesa [&hellip;]<\/p>\n","protected":false},"author":1,"featured_media":0,"parent":0,"menu_order":0,"comment_status":"closed","ping_status":"closed","template":"","meta":{"footnotes":""},"class_list":["post-12","page","type-page","status-publish","hentry"],"aioseo_notices":[],"_links":{"self":[{"href":"https:\/\/sight-treinamentos.com.br\/index.php?rest_route=\/wp\/v2\/pages\/12","targetHints":{"allow":["GET"]}}],"collection":[{"href":"https:\/\/sight-treinamentos.com.br\/index.php?rest_route=\/wp\/v2\/pages"}],"about":[{"href":"https:\/\/sight-treinamentos.com.br\/index.php?rest_route=\/wp\/v2\/types\/page"}],"author":[{"embeddable":true,"href":"https:\/\/sight-treinamentos.com.br\/index.php?rest_route=\/wp\/v2\/users\/1"}],"replies":[{"embeddable":true,"href":"https:\/\/sight-treinamentos.com.br\/index.php?rest_route=%2Fwp%2Fv2%2Fcomments&post=12"}],"version-history":[{"count":2,"href":"https:\/\/sight-treinamentos.com.br\/index.php?rest_route=\/wp\/v2\/pages\/12\/revisions"}],"predecessor-version":[{"id":83,"href":"https:\/\/sight-treinamentos.com.br\/index.php?rest_route=\/wp\/v2\/pages\/12\/revisions\/83"}],"wp:attachment":[{"href":"https:\/\/sight-treinamentos.com.br\/index.php?rest_route=%2Fwp%2Fv2%2Fmedia&parent=12"}],"curies":[{"name":"wp","href":"https:\/\/api.w.org\/{rel}","templated":true}]}}